{"id":4052,"date":"2026-04-26T10:07:00","date_gmt":"2026-04-26T10:07:00","guid":{"rendered":"https:\/\/miras-salon.de\/?page_id=4052"},"modified":"2026-04-26T10:10:07","modified_gmt":"2026-04-26T10:10:07","slug":"agb","status":"publish","type":"page","link":"https:\/\/miras-salon.de\/index.php\/agb\/","title":{"rendered":"AGB"},"content":{"rendered":"\t\t<div data-elementor-type=\"wp-page\" data-elementor-id=\"4052\" class=\"elementor elementor-4052\" data-elementor-post-type=\"page\">\n\t\t\t\t<div class=\"elementor-element elementor-element-9e2d5a4 e-flex e-con-boxed e-con e-parent\" data-id=\"9e2d5a4\" data-element_type=\"container\" data-e-type=\"container\">\n\t\t\t\t\t<div class=\"e-con-inner\">\n\t\t\t\t<div class=\"elementor-element elementor-element-2655fd4 elementor-widget elementor-widget-text-editor\" data-id=\"2655fd4\" data-element_type=\"widget\" data-e-type=\"widget\" data-widget_type=\"text-editor.default\">\n\t\t\t\t<div class=\"elementor-widget-container\">\n\t\t\t\t\t\t\t\t\t<p>Allgemeine Gesch\u00e4ftsbedingungen (AGB)<br><br><\/p><p>Mira&#8217;s Salon<br>Bergstra\u00dfe 29<br>21521 Aum\u00fchle<br>Telefon: 04104 96 211 00<br>E-Mail: miras.salon21521@gmail.com<\/p><p><br><\/p>\n<p>1. Geltungsbereich<br>Diese Allgemeinen Gesch\u00e4ftsbedingungen (AGB) gelten f\u00fcr alle Dienstleistungen, die von<br>Mira&#8217;s Salon an Kunden erbracht werden.<\/p>\n<p>2. Terminvereinbarung und Stornierungsbedingungen<br>Vereinbarte Termine sind verbindlich. Da wir die Zeit exklusiv f\u00fcr Sie reservieren, gelten<br>folgende Regelungen f\u00fcr Terminabsagen:<br>\u25cf Termine m\u00fcssen mindestens 24 Stunden im Voraus abgesagt oder verschoben werden<br>(telefonisch, per E-Mail oder Nachricht).<br>\u25cf Wird ein Termin nicht fristgerecht abgesagt oder erscheint der Kunde unentschuldigt<br>nicht, behalten wir uns das Recht vor, eine Ausfallgeb\u00fchr in H\u00f6he von 50 % des<br>Preises der gebuchten Leistung in Rechnung zu stellen.<br>\u25cf Dies gilt nicht, sofern der Kunde das Nichterscheinen oder die versp\u00e4tete Absage nicht zu<br>vertreten hat.<\/p>\n<p>3. Preise und Zahlung<br>Es gelten die Preise der jeweils aktuellen Preisliste. Die Zahlung der Dienstleistung ist<br>unmittelbar nach der Behandlung im Salon f\u00e4llig.<\/p>\n<p>4. Haftung<br>Mira&#8217;s Salon \u00fcbernimmt keine Haftung f\u00fcr Garderobe, Taschen und pers\u00f6nliche Gegenst\u00e4nde<br>der Kunden. F\u00fcr vom Kunden verursachte Sch\u00e4den an der Einrichtung oder den<br>Arbeitsmaterialien haftet der Kunde.<\/p>\n<p>5. Gew\u00e4hrleistung<br>Reklamationen bez\u00fcglich unserer Dienstleistungen m\u00fcssen innerhalb von 5 Tagen nach dem<br>Termin gemeldet werden. Wir haben das Recht zur Nachbesserung. Eine R\u00fcckerstattung des<br>Preises ist ausgeschlossen, wenn die Nachbesserung abgelehnt wird.<\/p>\n<p>6. Datenschutz<br>Wir verarbeiten Ihre personenbezogenen Daten nur im Rahmen der gesetzlichen<br>Bestimmungen. Weitere Informationen finden Sie in unserer Datenschutzerkl\u00e4rung.<\/p>\n<p>7. Schlussbestimmungen<br>Sollten einzelne Bestimmungen dieser AGB unwirksam sein oder werden, bleibt die<br>Wirksamkeit der \u00fcbrigen Bestimmungen unber\u00fchrt. Es gilt das Recht der Bundesrepublik<br>Deutschland.<\/p>\t\t\t\t\t\t\t\t<\/div>\n\t\t\t\t<\/div>\n\t\t\t\t\t<\/div>\n\t\t\t\t<\/div>\n\t\t\t\t<\/div>\n\t\t","protected":false},"excerpt":{"rendered":"<p>Allgemeine Gesch\u00e4ftsbedingungen (AGB) Mira&#8217;s SalonBergstra\u00dfe 2921521 Aum\u00fchleTelefon: 04104 96 211 00E-Mail: miras.salon21521@gmail.com 1. GeltungsbereichDiese Allgemeinen Gesch\u00e4ftsbedingungen (AGB) gelten f\u00fcr alle Dienstleistungen, die vonMira&#8217;s Salon an Kunden erbracht werden. 2. Terminvereinbarung und StornierungsbedingungenVereinbarte Termine sind verbindlich. Da wir die Zeit exklusiv f\u00fcr Sie reservieren, geltenfolgende Regelungen f\u00fcr Terminabsagen:\u25cf Termine m\u00fcssen mindestens 24 Stunden im Voraus abgesagt [&hellip;]<\/p>\n","protected":false},"author":1,"featured_media":0,"parent":0,"menu_order":0,"comment_status":"closed","ping_status":"closed","template":"","meta":{"footnotes":""},"class_list":["post-4052","page","type-page","status-publish","hentry"],"yoast_head":"<!-- This site is optimized with the Yoast SEO Premium plugin v26.3 (Yoast SEO v27.6) - https:\/\/yoast.com\/product\/yoast-seo-premium-wordpress\/ -->\n<title>AGB - Miras Salon<\/title>\n<meta name=\"robots\" content=\"index, follow, max-snippet:-1, max-image-preview:large, max-video-preview:-1\" \/>\n<link rel=\"canonical\" href=\"https:\/\/miras-salon.de\/index.php\/agb\/\" \/>\n<meta property=\"og:locale\" content=\"de_DE\" \/>\n<meta property=\"og:type\" content=\"article\" \/>\n<meta property=\"og:title\" content=\"AGB\" \/>\n<meta property=\"og:description\" content=\"Allgemeine Gesch\u00e4ftsbedingungen (AGB) Mira&#8217;s SalonBergstra\u00dfe 2921521 Aum\u00fchleTelefon: 04104 96 211 00E-Mail: miras.salon21521@gmail.com 1. GeltungsbereichDiese Allgemeinen Gesch\u00e4ftsbedingungen (AGB) gelten f\u00fcr alle Dienstleistungen, die vonMira&#8217;s Salon an Kunden erbracht werden. 2. Terminvereinbarung und StornierungsbedingungenVereinbarte Termine sind verbindlich. Da wir die Zeit exklusiv f\u00fcr Sie reservieren, geltenfolgende Regelungen f\u00fcr Terminabsagen:\u25cf Termine m\u00fcssen mindestens 24 Stunden im Voraus abgesagt [&hellip;]\" \/>\n<meta property=\"og:url\" content=\"https:\/\/miras-salon.de\/index.php\/agb\/\" \/>\n<meta property=\"og:site_name\" content=\"Miras Salon\" \/>\n<meta property=\"article:modified_time\" content=\"2026-04-26T10:10:07+00:00\" \/>\n<meta name=\"twitter:card\" content=\"summary_large_image\" \/>\n<script type=\"application\/ld+json\" class=\"yoast-schema-graph\">{\"@context\":\"https:\\\/\\\/schema.org\",\"@graph\":[{\"@type\":\"WebPage\",\"@id\":\"https:\\\/\\\/miras-salon.de\\\/index.php\\\/agb\\\/\",\"url\":\"https:\\\/\\\/miras-salon.de\\\/index.php\\\/agb\\\/\",\"name\":\"AGB - Miras Salon\",\"isPartOf\":{\"@id\":\"https:\\\/\\\/miras-salon.de\\\/#website\"},\"datePublished\":\"2026-04-26T10:07:00+00:00\",\"dateModified\":\"2026-04-26T10:10:07+00:00\",\"breadcrumb\":{\"@id\":\"https:\\\/\\\/miras-salon.de\\\/index.php\\\/agb\\\/#breadcrumb\"},\"inLanguage\":\"de\",\"potentialAction\":[{\"@type\":\"ReadAction\",\"target\":[\"https:\\\/\\\/miras-salon.de\\\/index.php\\\/agb\\\/\"]}]},{\"@type\":\"BreadcrumbList\",\"@id\":\"https:\\\/\\\/miras-salon.de\\\/index.php\\\/agb\\\/#breadcrumb\",\"itemListElement\":[{\"@type\":\"ListItem\",\"position\":1,\"name\":\"Startseite\",\"item\":\"https:\\\/\\\/miras-salon.de\\\/\"},{\"@type\":\"ListItem\",\"position\":2,\"name\":\"AGB\"}]},{\"@type\":\"WebSite\",\"@id\":\"https:\\\/\\\/miras-salon.de\\\/#website\",\"url\":\"https:\\\/\\\/miras-salon.de\\\/\",\"name\":\"Miras Salon\",\"description\":\"Sch\u00f6nheit neu definiert\",\"publisher\":{\"@id\":\"https:\\\/\\\/miras-salon.de\\\/#organization\"},\"potentialAction\":[{\"@type\":\"SearchAction\",\"target\":{\"@type\":\"EntryPoint\",\"urlTemplate\":\"https:\\\/\\\/miras-salon.de\\\/?s={search_term_string}\"},\"query-input\":{\"@type\":\"PropertyValueSpecification\",\"valueRequired\":true,\"valueName\":\"search_term_string\"}}],\"inLanguage\":\"de\"},{\"@type\":\"Organization\",\"@id\":\"https:\\\/\\\/miras-salon.de\\\/#organization\",\"name\":\"Miras Salon\",\"url\":\"https:\\\/\\\/miras-salon.de\\\/\",\"logo\":{\"@type\":\"ImageObject\",\"inLanguage\":\"de\",\"@id\":\"https:\\\/\\\/miras-salon.de\\\/#\\\/schema\\\/logo\\\/image\\\/\",\"url\":\"https:\\\/\\\/zealous-almeida.89-22-123-126.plesk.page\\\/wp-content\\\/uploads\\\/2024\\\/06\\\/Miras-Salon-Logo-tranzparent.png\",\"contentUrl\":\"https:\\\/\\\/zealous-almeida.89-22-123-126.plesk.page\\\/wp-content\\\/uploads\\\/2024\\\/06\\\/Miras-Salon-Logo-tranzparent.png\",\"width\":787,\"height\":457,\"caption\":\"Miras Salon\"},\"image\":{\"@id\":\"https:\\\/\\\/miras-salon.de\\\/#\\\/schema\\\/logo\\\/image\\\/\"},\"sameAs\":[\"https:\\\/\\\/www.instagram.com\\\/hair_by_mira.bacher\\\/\"]}]}<\/script>\n<!-- \/ Yoast SEO Premium plugin. -->","yoast_head_json":{"title":"AGB - Miras Salon","robots":{"index":"index","follow":"follow","max-snippet":"max-snippet:-1","max-image-preview":"max-image-preview:large","max-video-preview":"max-video-preview:-1"},"canonical":"https:\/\/miras-salon.de\/index.php\/agb\/","og_locale":"de_DE","og_type":"article","og_title":"AGB","og_description":"Allgemeine Gesch\u00e4ftsbedingungen (AGB) Mira&#8217;s SalonBergstra\u00dfe 2921521 Aum\u00fchleTelefon: 04104 96 211 00E-Mail: miras.salon21521@gmail.com 1. GeltungsbereichDiese Allgemeinen Gesch\u00e4ftsbedingungen (AGB) gelten f\u00fcr alle Dienstleistungen, die vonMira&#8217;s Salon an Kunden erbracht werden. 2. Terminvereinbarung und StornierungsbedingungenVereinbarte Termine sind verbindlich. Da wir die Zeit exklusiv f\u00fcr Sie reservieren, geltenfolgende Regelungen f\u00fcr Terminabsagen:\u25cf Termine m\u00fcssen mindestens 24 Stunden im Voraus abgesagt [&hellip;]","og_url":"https:\/\/miras-salon.de\/index.php\/agb\/","og_site_name":"Miras Salon","article_modified_time":"2026-04-26T10:10:07+00:00","twitter_card":"summary_large_image","schema":{"@context":"https:\/\/schema.org","@graph":[{"@type":"WebPage","@id":"https:\/\/miras-salon.de\/index.php\/agb\/","url":"https:\/\/miras-salon.de\/index.php\/agb\/","name":"AGB - Miras Salon","isPartOf":{"@id":"https:\/\/miras-salon.de\/#website"},"datePublished":"2026-04-26T10:07:00+00:00","dateModified":"2026-04-26T10:10:07+00:00","breadcrumb":{"@id":"https:\/\/miras-salon.de\/index.php\/agb\/#breadcrumb"},"inLanguage":"de","potentialAction":[{"@type":"ReadAction","target":["https:\/\/miras-salon.de\/index.php\/agb\/"]}]},{"@type":"BreadcrumbList","@id":"https:\/\/miras-salon.de\/index.php\/agb\/#breadcrumb","itemListElement":[{"@type":"ListItem","position":1,"name":"Startseite","item":"https:\/\/miras-salon.de\/"},{"@type":"ListItem","position":2,"name":"AGB"}]},{"@type":"WebSite","@id":"https:\/\/miras-salon.de\/#website","url":"https:\/\/miras-salon.de\/","name":"Miras Salon","description":"Sch\u00f6nheit neu definiert","publisher":{"@id":"https:\/\/miras-salon.de\/#organization"},"potentialAction":[{"@type":"SearchAction","target":{"@type":"EntryPoint","urlTemplate":"https:\/\/miras-salon.de\/?s={search_term_string}"},"query-input":{"@type":"PropertyValueSpecification","valueRequired":true,"valueName":"search_term_string"}}],"inLanguage":"de"},{"@type":"Organization","@id":"https:\/\/miras-salon.de\/#organization","name":"Miras Salon","url":"https:\/\/miras-salon.de\/","logo":{"@type":"ImageObject","inLanguage":"de","@id":"https:\/\/miras-salon.de\/#\/schema\/logo\/image\/","url":"https:\/\/zealous-almeida.89-22-123-126.plesk.page\/wp-content\/uploads\/2024\/06\/Miras-Salon-Logo-tranzparent.png","contentUrl":"https:\/\/zealous-almeida.89-22-123-126.plesk.page\/wp-content\/uploads\/2024\/06\/Miras-Salon-Logo-tranzparent.png","width":787,"height":457,"caption":"Miras Salon"},"image":{"@id":"https:\/\/miras-salon.de\/#\/schema\/logo\/image\/"},"sameAs":["https:\/\/www.instagram.com\/hair_by_mira.bacher\/"]}]}},"_links":{"self":[{"href":"https:\/\/miras-salon.de\/index.php\/wp-json\/wp\/v2\/pages\/4052","targetHints":{"allow":["GET"]}}],"collection":[{"href":"https:\/\/miras-salon.de\/index.php\/wp-json\/wp\/v2\/pages"}],"about":[{"href":"https:\/\/miras-salon.de\/index.php\/wp-json\/wp\/v2\/types\/page"}],"author":[{"embeddable":true,"href":"https:\/\/miras-salon.de\/index.php\/wp-json\/wp\/v2\/users\/1"}],"replies":[{"embeddable":true,"href":"https:\/\/miras-salon.de\/index.php\/wp-json\/wp\/v2\/comments?post=4052"}],"version-history":[{"count":4,"href":"https:\/\/miras-salon.de\/index.php\/wp-json\/wp\/v2\/pages\/4052\/revisions"}],"predecessor-version":[{"id":4056,"href":"https:\/\/miras-salon.de\/index.php\/wp-json\/wp\/v2\/pages\/4052\/revisions\/4056"}],"wp:attachment":[{"href":"https:\/\/miras-salon.de\/index.php\/wp-json\/wp\/v2\/media?parent=4052"}],"curies":[{"name":"wp","href":"https:\/\/api.w.org\/{rel}","templated":true}]}}